{"id":156,"date":"2021-05-19T17:13:02","date_gmt":"2021-05-19T15:13:02","guid":{"rendered":"https:\/\/credoo.de\/credoo_de\/?page_id=156"},"modified":"2026-03-24T19:30:18","modified_gmt":"2026-03-24T18:30:18","slug":"impressum","status":"publish","type":"page","link":"https:\/\/credoo.de\/credoo_de\/impressum\/","title":{"rendered":"Impressum"},"content":{"rendered":"\n<p>CREDOO ist ein K\u00fcnstler-Projekt im gemeinn\u00fctzigen Sinn.<\/p>\n\n\n\n<p>Verantwortlich f\u00fcr die Webseite und evtl. Anfragen:<br><strong>Atelier &#8222;Don Quijote&#8220;<\/strong><br>Hendrik Krause<br>Rittergasse 4<br>99423 Weimar<br><br>Telefon: +49 151 29838815<br><br>Bitte nutzen Sie unser Kontaktformular.<\/p>\n","protected":false},"excerpt":{"rendered":"<p>CREDOO ist ein K\u00fcnstler-Projekt im gemeinn\u00fctzigen Sinn. Verantwortlich f\u00fcr die Webseite und evtl. Anfragen:Atelier &#8222;Don Quijote&#8220;Hendrik KrauseRittergasse 499423 Weimar Telefon: +49 151 29838815 Bitte nutzen Sie unser Kontaktformular.<\/p>\n","protected":false},"author":1,"featured_media":0,"parent":0,"menu_order":99,"comment_status":"closed","ping_status":"closed","template":"","meta":{"footnotes":""},"class_list":["post-156","page","type-page","status-publish","hentry"],"_links":{"self":[{"href":"https:\/\/credoo.de\/credoo_de\/wp-json\/wp\/v2\/pages\/156","targetHints":{"allow":["GET"]}}],"collection":[{"href":"https:\/\/credoo.de\/credoo_de\/wp-json\/wp\/v2\/pages"}],"about":[{"href":"https:\/\/credoo.de\/credoo_de\/wp-json\/wp\/v2\/types\/page"}],"author":[{"embeddable":true,"href":"https:\/\/credoo.de\/credoo_de\/wp-json\/wp\/v2\/users\/1"}],"replies":[{"embeddable":true,"href":"https:\/\/credoo.de\/credoo_de\/wp-json\/wp\/v2\/comments?post=156"}],"version-history":[{"count":2,"href":"https:\/\/credoo.de\/credoo_de\/wp-json\/wp\/v2\/pages\/156\/revisions"}],"predecessor-version":[{"id":268,"href":"https:\/\/credoo.de\/credoo_de\/wp-json\/wp\/v2\/pages\/156\/revisions\/268"}],"wp:attachment":[{"href":"https:\/\/credoo.de\/credoo_de\/wp-json\/wp\/v2\/media?parent=156"}],"curies":[{"name":"wp","href":"https:\/\/api.w.org\/{rel}","templated":true}]}}